{"id":641,"date":"2023-04-13T11:39:17","date_gmt":"2023-04-13T09:39:17","guid":{"rendered":"https:\/\/golosa.fr\/informationen\/"},"modified":"2025-10-24T14:57:45","modified_gmt":"2025-10-24T12:57:45","slug":"informationen","status":"publish","type":"page","link":"https:\/\/golosa.fr\/de\/informationen\/","title":{"rendered":"Informationen"},"content":{"rendered":"\t\t<div data-elementor-type=\"wp-page\" data-elementor-id=\"641\" class=\"elementor elementor-641 elementor-110\" data-elementor-post-type=\"page\">\n\t\t\t\t\t\t<section class=\"elementor-section elementor-top-section elementor-element elementor-element-0862cdc elementor-section-content-middle elementor-section-boxed elementor-section-height-default elementor-section-height-default\" data-id=\"0862cdc\" data-element_type=\"section\" data-e-type=\"section\" data-settings=\"{&quot;jet_parallax_layout_list&quot;:[]}\">\n\t\t\t\t\t\t<div class=\"elementor-container elementor-column-gap-default\">\n\t\t\t\t\t<div class=\"elementor-column elementor-col-50 elementor-top-column elementor-element elementor-element-66af7af\" data-id=\"66af7af\" data-element_type=\"column\" data-e-type=\"column\" data-settings=\"{&quot;background_background&quot;:&quot;classic&quot;}\">\n\t\t\t<div class=\"elementor-widget-wrap elementor-element-populated\">\n\t\t\t\t\t\t<div class=\"elementor-element elementor-element-7b60725 elementor-widget elementor-widget-image\" data-id=\"7b60725\" data-element_type=\"widget\" data-e-type=\"widget\" data-widget_type=\"image.default\">\n\t\t\t\t<div class=\"elementor-widget-container\">\n\t\t\t\t\t\t\t\t\t\t\t\t\t\t\t<img decoding=\"async\" width=\"1\" height=\"1\" src=\"https:\/\/golosa.fr\/wp-content\/uploads\/2023\/04\/patch-bleu.svg\" class=\"attachment-large size-large wp-image-256\" alt=\"\" \/>\t\t\t\t\t\t\t\t\t\t\t\t\t\t\t<\/div>\n\t\t\t\t<\/div>\n\t\t\t\t<div class=\"elementor-element elementor-element-0765460 elementor-widget elementor-widget-heading\" data-id=\"0765460\" data-element_type=\"widget\" data-e-type=\"widget\" data-widget_type=\"heading.default\">\n\t\t\t\t<div class=\"elementor-widget-container\">\n\t\t\t\t\t<h2 class=\"elementor-heading-title elementor-size-default\">\u00d6ffnungszeiten<\/h2>\t\t\t\t<\/div>\n\t\t\t\t<\/div>\n\t\t\t\t<div class=\"elementor-element elementor-element-9875e09 elementor-widget elementor-widget-text-editor\" data-id=\"9875e09\" data-element_type=\"widget\" data-e-type=\"widget\" data-widget_type=\"text-editor.default\">\n\t\t\t\t<div class=\"elementor-widget-container\">\n\t\t\t\t\t\t\t\t\t<p>Aktuelle \u00d6ffnungszeiten: <b> Geschlossen bis zum n\u00e4chsten Fr\u00fchjahr.<\/b><\/p><p>Die Einrichtung beh\u00e4lt sich das Recht vor, die \u00d6ffnungszeiten und -tage je nach Wetterbedingungen und Besucherzahlen zu \u00e4ndern.<\/p>\t\t\t\t\t\t\t\t<\/div>\n\t\t\t\t<\/div>\n\t\t\t\t\t<\/div>\n\t\t<\/div>\n\t\t\t\t<div class=\"elementor-column elementor-col-50 elementor-top-column elementor-element elementor-element-3afd896\" data-id=\"3afd896\" data-element_type=\"column\" data-e-type=\"column\" data-settings=\"{&quot;background_background&quot;:&quot;classic&quot;}\">\n\t\t\t<div class=\"elementor-widget-wrap elementor-element-populated\">\n\t\t\t\t\t\t<div class=\"elementor-element elementor-element-9a54ed8 elementor-widget elementor-widget-image\" data-id=\"9a54ed8\" data-element_type=\"widget\" data-e-type=\"widget\" data-widget_type=\"image.default\">\n\t\t\t\t<div class=\"elementor-widget-container\">\n\t\t\t\t\t\t\t\t\t\t\t\t\t\t\t<img decoding=\"async\" width=\"1\" height=\"1\" src=\"https:\/\/golosa.fr\/wp-content\/uploads\/2023\/04\/smile-red.svg\" class=\"attachment-large size-large wp-image-268\" alt=\"\" \/>\t\t\t\t\t\t\t\t\t\t\t\t\t\t\t<\/div>\n\t\t\t\t<\/div>\n\t\t\t\t<div class=\"elementor-element elementor-element-3028412 elementor-widget elementor-widget-heading\" data-id=\"3028412\" data-element_type=\"widget\" data-e-type=\"widget\" data-widget_type=\"heading.default\">\n\t\t\t\t<div class=\"elementor-widget-container\">\n\t\t\t\t\t<h2 class=\"elementor-heading-title elementor-size-default\">Zugang<\/h2>\t\t\t\t<\/div>\n\t\t\t\t<\/div>\n\t\t\t\t<div class=\"elementor-element elementor-element-b785b83 elementor-widget elementor-widget-text-editor\" data-id=\"b785b83\" data-element_type=\"widget\" data-e-type=\"widget\" data-widget_type=\"text-editor.default\">\n\t\t\t\t<div class=\"elementor-widget-container\">\n\t\t\t\t\t\t\t\t\t<p>Das Restaurant befindet sich im Herzen der Zitadelle von Besan\u00e7on. Historisches Denkmal, das zum UNESCO-Weltkulturerbe geh\u00f6rt. Sie m\u00fcssen eine Eintrittskarte f\u00fcr die Zitadelle erwerben, um Zugang zu unseren kleinen Gaumenfreuden zu erhalten.<\/p>\t\t\t\t\t\t\t\t<\/div>\n\t\t\t\t<\/div>\n\t\t\t\t<div class=\"elementor-element elementor-element-576ea3c elementor-widget elementor-widget-jet-button\" data-id=\"576ea3c\" data-element_type=\"widget\" data-e-type=\"widget\" data-widget_type=\"jet-button.default\">\n\t\t\t\t<div class=\"elementor-widget-container\">\n\t\t\t\t\t<div class=\"elementor-jet-button jet-elements\"><div class=\"jet-button__container\">\n\t<a class=\"jet-button__instance jet-button__instance--icon-left hover-effect-4\" href=\"https:\/\/www.citadelle.com\/informations-pratiques\/infos-pratiques\/acceder-a-la-citadelle\/\" target=\"_blank\">\n\t\t<div class=\"jet-button__plane jet-button__plane-normal\"><\/div>\n\t\t<div class=\"jet-button__plane jet-button__plane-hover\"><\/div>\n\t\t<div class=\"jet-button__state jet-button__state-normal\">\n\t\t\t<span class=\"jet-button__label\">Wie kann man zugreifen?<\/span>\t\t<\/div>\n\t\t<div class=\"jet-button__state jet-button__state-hover\">\n\t\t\t<span class=\"jet-button__label\">Wie kann man zugreifen?<\/span>\t\t<\/div>\n\t<\/a>\n<\/div>\n<\/div>\t\t\t\t<\/div>\n\t\t\t\t<\/div>\n\t\t\t\t\t<\/div>\n\t\t<\/div>\n\t\t\t\t\t<\/div>\n\t\t<\/section>\n\t\t\t\t<section class=\"elementor-section elementor-top-section elementor-element elementor-element-38b56fd elementor-section-content-middle elementor-section-boxed elementor-section-height-default elementor-section-height-default\" data-id=\"38b56fd\" data-element_type=\"section\" data-e-type=\"section\" data-settings=\"{&quot;jet_parallax_layout_list&quot;:[]}\">\n\t\t\t\t\t\t<div class=\"elementor-container elementor-column-gap-default\">\n\t\t\t\t\t<div class=\"elementor-column elementor-col-50 elementor-top-column elementor-element elementor-element-328080c\" data-id=\"328080c\" data-element_type=\"column\" data-e-type=\"column\" data-settings=\"{&quot;background_background&quot;:&quot;classic&quot;}\">\n\t\t\t<div class=\"elementor-widget-wrap elementor-element-populated\">\n\t\t\t\t\t\t<div class=\"elementor-element elementor-element-4fa22aa elementor-widget elementor-widget-image\" data-id=\"4fa22aa\" data-element_type=\"widget\" data-e-type=\"widget\" data-widget_type=\"image.default\">\n\t\t\t\t<div class=\"elementor-widget-container\">\n\t\t\t\t\t\t\t\t\t\t\t\t\t\t\t<img decoding=\"async\" width=\"1\" height=\"1\" src=\"https:\/\/golosa.fr\/wp-content\/uploads\/2023\/04\/rond-jaune.svg\" class=\"attachment-large size-large wp-image-253\" alt=\"\" \/>\t\t\t\t\t\t\t\t\t\t\t\t\t\t\t<\/div>\n\t\t\t\t<\/div>\n\t\t\t\t<div class=\"elementor-element elementor-element-ab74c5a elementor-widget elementor-widget-heading\" data-id=\"ab74c5a\" data-element_type=\"widget\" data-e-type=\"widget\" data-widget_type=\"heading.default\">\n\t\t\t\t<div class=\"elementor-widget-container\">\n\t\t\t\t\t<h2 class=\"elementor-heading-title elementor-size-default\">Zahlung<\/h2>\t\t\t\t<\/div>\n\t\t\t\t<\/div>\n\t\t\t\t<div class=\"elementor-element elementor-element-6c73e91 elementor-widget elementor-widget-text-editor\" data-id=\"6c73e91\" data-element_type=\"widget\" data-e-type=\"widget\" data-widget_type=\"text-editor.default\">\n\t\t\t\t<div class=\"elementor-widget-container\">\n\t\t\t\t\t\t\t\t\t<p>Das Restaurant Golosa akzeptiert folgende Zahlungsmittel: Bargeld, CB, Visa, Mastercard. Wir nehmen keine Schecks an.  <\/p>\t\t\t\t\t\t\t\t<\/div>\n\t\t\t\t<\/div>\n\t\t\t\t\t<\/div>\n\t\t<\/div>\n\t\t\t\t<div class=\"elementor-column elementor-col-50 elementor-top-column elementor-element elementor-element-c76cabc\" data-id=\"c76cabc\" data-element_type=\"column\" data-e-type=\"column\" data-settings=\"{&quot;background_background&quot;:&quot;classic&quot;}\">\n\t\t\t<div class=\"elementor-widget-wrap elementor-element-populated\">\n\t\t\t\t\t\t<div class=\"elementor-element elementor-element-fd6c720 elementor-widget elementor-widget-image\" data-id=\"fd6c720\" data-element_type=\"widget\" data-e-type=\"widget\" data-widget_type=\"image.default\">\n\t\t\t\t<div class=\"elementor-widget-container\">\n\t\t\t\t\t\t\t\t\t\t\t\t\t\t\t<img loading=\"lazy\" decoding=\"async\" width=\"1\" height=\"1\" src=\"https:\/\/golosa.fr\/wp-content\/uploads\/2023\/04\/triangle-jaune.svg\" class=\"attachment-large size-large wp-image-274\" alt=\"\" \/>\t\t\t\t\t\t\t\t\t\t\t\t\t\t\t<\/div>\n\t\t\t\t<\/div>\n\t\t\t\t<div class=\"elementor-element elementor-element-7a85608 elementor-widget elementor-widget-heading\" data-id=\"7a85608\" data-element_type=\"widget\" data-e-type=\"widget\" data-widget_type=\"heading.default\">\n\t\t\t\t<div class=\"elementor-widget-container\">\n\t\t\t\t\t<h2 class=\"elementor-heading-title elementor-size-default\">Tiere<\/h2>\t\t\t\t<\/div>\n\t\t\t\t<\/div>\n\t\t\t\t<div class=\"elementor-element elementor-element-2a864b5 elementor-widget elementor-widget-text-editor\" data-id=\"2a864b5\" data-element_type=\"widget\" data-e-type=\"widget\" data-widget_type=\"text-editor.default\">\n\t\t\t\t<div class=\"elementor-widget-container\">\n\t\t\t\t\t\t\t\t\t<p>Leider sind Haustiere (mit Ausnahme von Blindenhunden) auf dem Gel\u00e4nde der Zitadelle nicht erlaubt, da diese den doppelten Vorschriften f\u00fcr \u00f6ffentliche Parks und zoologische Anlagen unterliegt.<\/p>\t\t\t\t\t\t\t\t<\/div>\n\t\t\t\t<\/div>\n\t\t\t\t\t<\/div>\n\t\t<\/div>\n\t\t\t\t\t<\/div>\n\t\t<\/section>\n\t\t\t\t<section class=\"elementor-section elementor-top-section elementor-element elementor-element-0907b99 elementor-section-boxed elementor-section-height-default elementor-section-height-default\" data-id=\"0907b99\" data-element_type=\"section\" data-e-type=\"section\" data-settings=\"{&quot;jet_parallax_layout_list&quot;:[]}\">\n\t\t\t\t\t\t<div class=\"elementor-container elementor-column-gap-default\">\n\t\t\t\t\t<div class=\"elementor-column elementor-col-100 elementor-top-column elementor-element elementor-element-167d229\" data-id=\"167d229\" data-element_type=\"column\" data-e-type=\"column\">\n\t\t\t<div class=\"elementor-widget-wrap elementor-element-populated\">\n\t\t\t\t\t\t<div class=\"elementor-element elementor-element-66e8ed9 elementor-view-default elementor-position-block-start elementor-mobile-position-block-start elementor-widget elementor-widget-icon-box\" data-id=\"66e8ed9\" data-element_type=\"widget\" data-e-type=\"widget\" data-widget_type=\"icon-box.default\">\n\t\t\t\t<div class=\"elementor-widget-container\">\n\t\t\t\t\t\t\t<div class=\"elementor-icon-box-wrapper\">\n\n\t\t\t\t\t\t<div class=\"elementor-icon-box-icon\">\n\t\t\t\t<span  class=\"elementor-icon\">\n\t\t\t\t<svg xmlns=\"http:\/\/www.w3.org\/2000\/svg\" id=\"Calque_2\" viewBox=\"0 0 46.68 48.81\"><g id=\"Capa_1\"><path d=\"m18.86,48.81l.85-18.44-15.35,10.02-4.37-7.51,16.15-8.42L0,16.04l4.37-7.62,15.35,9.91-.85-18.33h8.85l-.85,18.33,15.35-9.91,4.48,7.62-16.25,8.42,16.25,8.42-4.48,7.51-15.35-10.02.85,18.44h-8.85Z\" style=\"fill:#d63030;\"><\/path><\/g><\/svg>\t\t\t\t<\/span>\n\t\t\t<\/div>\n\t\t\t\n\t\t\t\t\t\t<div class=\"elementor-icon-box-content\">\n\n\t\t\t\t\t\t\t\t\t<h3 class=\"elementor-icon-box-title\">\n\t\t\t\t\t\t<span  >\n\t\t\t\t\t\t\tKontakt\t\t\t\t\t\t<\/span>\n\t\t\t\t\t<\/h3>\n\t\t\t\t\n\t\t\t\t\t\t\t\t\t<p class=\"elementor-icon-box-description\">\n\t\t\t\t\t\tF\u00fcr weitere Informationen, Anfragen oder spezielle Bed\u00fcrfnisse kontaktieren Sie uns bitte, unser Team wird Ihnen gerne weiterhelfen.<\/br><\/br>\n\n<b>Restaurant Golosa <\/b><\/br>\n99 Rue des Fusill\u00e9s de la R\u00e9sistance, 25000 Besan\u00e7on<\/br>\nIm Herzen der Zitadelle von Besan\u00e7on<\/br>\ncontact@golosa.fr\t\t\t\t\t<\/p>\n\t\t\t\t\n\t\t\t<\/div>\n\t\t\t\n\t\t<\/div>\n\t\t\t\t\t\t<\/div>\n\t\t\t\t<\/div>\n\t\t\t\t\t<\/div>\n\t\t<\/div>\n\t\t\t\t\t<\/div>\n\t\t<\/section>\n\t\t\t\t<\/div>\n\t\t","protected":false},"excerpt":{"rendered":"<p>\u00d6ffnungszeiten Aktuelle \u00d6ffnungszeiten: Geschlossen bis zum n\u00e4chsten Fr\u00fchjahr. Die Einrichtung beh\u00e4lt sich das Recht vor, die \u00d6ffnungszeiten und -tage je nach Wetterbedingungen und Besucherzahlen zu \u00e4ndern. Zugang Das Restaurant befindet sich im Herzen der Zitadelle von Besan\u00e7on. Historisches Denkmal, das zum UNESCO-Weltkulturerbe geh\u00f6rt. Sie m\u00fcssen eine Eintrittskarte f\u00fcr die Zitadelle erwerben, um Zugang zu unseren [&hellip;]<\/p>\n","protected":false},"author":1,"featured_media":0,"parent":0,"menu_order":0,"comment_status":"closed","ping_status":"closed","template":"elementor_header_footer","meta":{"footnotes":""},"class_list":["post-641","page","type-page","status-publish","hentry"],"_links":{"self":[{"href":"https:\/\/golosa.fr\/de\/wp-json\/wp\/v2\/pages\/641","targetHints":{"allow":["GET"]}}],"collection":[{"href":"https:\/\/golosa.fr\/de\/wp-json\/wp\/v2\/pages"}],"about":[{"href":"https:\/\/golosa.fr\/de\/wp-json\/wp\/v2\/types\/page"}],"author":[{"embeddable":true,"href":"https:\/\/golosa.fr\/de\/wp-json\/wp\/v2\/users\/1"}],"replies":[{"embeddable":true,"href":"https:\/\/golosa.fr\/de\/wp-json\/wp\/v2\/comments?post=641"}],"version-history":[{"count":5,"href":"https:\/\/golosa.fr\/de\/wp-json\/wp\/v2\/pages\/641\/revisions"}],"predecessor-version":[{"id":989,"href":"https:\/\/golosa.fr\/de\/wp-json\/wp\/v2\/pages\/641\/revisions\/989"}],"wp:attachment":[{"href":"https:\/\/golosa.fr\/de\/wp-json\/wp\/v2\/media?parent=641"}],"curies":[{"name":"wp","href":"https:\/\/api.w.org\/{rel}","templated":true}]}}